{"id":24365,"date":"2020-11-10T05:00:32","date_gmt":"2020-11-10T05:00:32","guid":{"rendered":"https:\/\/remzisekerci.com\/home\/"},"modified":"2023-12-27T12:23:55","modified_gmt":"2023-12-27T12:23:55","slug":"home","status":"publish","type":"page","link":"https:\/\/remzisekerci.com\/","title":{"rendered":"Anasayfa"},"content":{"rendered":"\n\n\t<h3><strong>SOSYAL MED\u0130YADA B\u0130Z\u0130 TAK\u0130P ETMEY\u0130 UNUTMAYIN!<\/strong><\/h3>\n\t\t\t\t<a href=\"https:\/\/www.facebook.com\/remzisekercitr\" target=\"_self\" itemprop=\"url\" rel=\"noopener\">\n\t\t\t\t<img loading=\"lazy\" decoding=\"async\" src=\"https:\/\/remzisekerci.com\/wp-content\/uploads\/2023\/12\/facebookk-300x180.png\" alt=\"facebookk\" itemprop=\"image\" height=\"180\" width=\"300\" title=\"facebookk\" onerror=\"this.style.display='none'\"  \/>\n\t\t\t\t<\/a>\n\t\t\t\t<a href=\"https:\/\/www.instagram.com\/remzisekercitr\/\" target=\"_self\" itemprop=\"url\" rel=\"noopener\">\n\t\t\t\t<img loading=\"lazy\" decoding=\"async\" src=\"https:\/\/remzisekerci.com\/wp-content\/uploads\/2023\/12\/instagarm-300x180.png\" alt=\"instagarm\" itemprop=\"image\" height=\"180\" width=\"300\" title=\"instagarm\" onerror=\"this.style.display='none'\"  \/>\n\t\t\t\t<\/a>\n\t<h3>\n\t\t\t\tNERDE KALMI\u015eTIK ?\n\t\t\t<\/h3>\n\t<h3>\n\t\t\t\tAK PART\u0130 AKH\u0130SAR BELED\u0130YE BA\u015eKAN ADAY ADAYI\n\t\t\t<\/h3>\n\t<h4>\n\t\t\t\tRemzi \u015eEKERC\u0130\n\t\t\t<\/h4>\n\t<p><strong>Remzi \u015eEKERC\u0130<\/strong>, ilk\u00f6\u011fretim ve orta\u00f6\u011fretimini Akhisar&#8217;da tamamlad\u0131ktan sonra \u00fcniversite e\u011fitimi i\u00e7in <strong>Fransa&#8217;ya<\/strong> gitti. E\u011fitimini tamamlamas\u0131n\u0131n ard\u0131ndan babas\u0131 <strong>Mehmet \u015eEKERC\u0130&#8217;nin<\/strong> \u00f6nderli\u011finde 1987&#8217;de kurulan <strong>T\u00fcrk-Frans\u0131z K\u00fclt\u00fcr ve Spor Derne\u011fi&#8217;nde<\/strong> hizmet verdikten sonra ba\u015fkanl\u0131k g\u00f6revini \u00fcstlendi.<\/p>\n<p>Uzun d\u00f6nem <strong>belediye enc\u00fcmenli\u011fi ve belediye ba\u015fkan yard\u0131mc\u0131l\u0131\u011f\u0131 yapt\u0131.<\/strong> 1997 y\u0131l\u0131nda Fransa&#8217;da ilk <strong>M\u00dcS\u0130AD<\/strong> \u015fubesinin kurulu\u015funda kurucu \u00fcyelerinden olup uzun y\u0131llar T\u00fcrk i\u015f insanlar\u0131na hizmet verdi. Remzi \u015eEKERC\u0130 <strong>M\u00dcS\u0130AD ve UTEP<\/strong> b\u00fcnyesinde faaliyetlerini s\u00fcrd\u00fcrmektedir. Fransa&#8217;da bir ilki ger\u00e7ekle\u015ftirerek, <strong>E\u015fitlik ve Adalet Partisi (PEJ partisinin)<\/strong> kurucu \u00fcyesidir. <strong>Fransa&#8217;da<\/strong>, 2017 se\u00e7imlerinde milletvekili aday\u0131 oldu ve se\u00e7im s\u00fcrecinde ald\u0131\u011f\u0131 y\u00fcksek oy oran\u0131yla Fransa Kom\u00fcnist Partisini geride b\u0131rakarak dikkatleri \u00fczerine \u00e7ekti. Ak Parti yurt d\u0131\u015f\u0131 temsilcisi olan<strong> Uluslararas\u0131 Demokrat Birli\u011fi (U\u0130D)<\/strong> b\u00fcnyesinde yap\u0131lan t\u00fcm \u00e7al\u0131\u015fmalarda g\u00f6rev ald\u0131. Ayn\u0131 zamanda, <strong>DEIK (D\u0131\u015f Ekonomi \u0130li\u015fkiler Kurulu)<\/strong> \u00fcyesidir ve hala faaliyetlerini s\u00fcrd\u00fcrmektedir. Avrupa&#8217;da konu\u015flanan, ter\u00f6r \u00f6rg\u00fctlerine ve s\u00f6zde Ermeni soyk\u0131r\u0131m\u0131 faaliyetlerine kar\u015f\u0131 durarak Avrupa genelinde m\u00fccadele verdi. 35 y\u0131l\u0131 a\u015fk\u0131n s\u00fcredir Strasbourg merkezli olarak faaliyet g\u00f6steren, <strong>COJEP Uluslararas\u0131 Adalet, E\u015fitlik ve Bar\u0131\u015f Konseyi kurucu \u00fcyesidir.<\/strong> Ve bu te\u015fkilatta say\u0131s\u0131z faaliyet y\u00fcr\u00fctm\u00fc\u015ft\u00fcr. <strong>Paris-T\u00fcrk B\u00fcy\u00fckel\u00e7ili\u011fi ve Ba\u015fkonsoloslu\u011fu \u00f6nc\u00fcl\u00fc\u011f\u00fcnde, \u00fclkemizi Fransa&#8217;da \u00e7e\u015fitli kurum ve kurulu\u015flarda en iyi \u015fekilde temsil etti.<\/strong><\/p>\n\t\t\t<a href=\"https:\/\/remzisekerci.com\/biyografi\/\" target=\"_self\" rel=\"noopener\">\n\t\t\t\t\t\t\tDevam\u0131n\u0131 G\u00f6r\n\t\t\t\t\t<\/a>\n\t\t\t\t\t\t<img decoding=\"async\" src=\"https:\/\/remzisekerci.com\/wp-content\/uploads\/2023\/12\/Calisma-Yuzeyi-1-100-scaled.jpg\"  \/>\n\t\t<h3>\n\t\tBizden Haberler\n\t<\/h3>\n\t\t\t\t\t\t\t\t\t\t\t\t\t\t<a href=\"https:\/\/remzisekerci.com\/?p=25633\" target=\"_self\" title=\"\u015eehzadeler Belediyesinin A\u00e7\u0131l\u0131\u015f\u0131n\u0131 Yapm\u0131\u015f Oldu\u011fu Mehmet Akif Ersoy Gen\u00e7lik Merkezinin A\u00e7\u0131l\u0131\u015f\" rel=\"noopener\">\n\t\t\t\t<img decoding=\"async\" src=\"https:\/\/remzisekerci.com\/wp-content\/uploads\/2023\/12\/Remzi-SEKERCI.png\" alt=\"\" \/>\n\t\t\t\t<\/a>\n\t\t\t\t\t\t<h6>\n\t\t\t\t<a href=https:\/\/remzisekerci.com\/?p=25633 title=\"\u015eehzadeler Belediyesinin A\u00e7\u0131l\u0131\u015f\u0131n\u0131 Yapm\u0131\u015f Oldu\u011fu Mehmet Akif Ersoy Gen\u00e7lik Merkezinin A\u00e7\u0131l\u0131\u015f\" tabindex=\"0\">\u015eehzadeler Belediyesinin A\u00e7\u0131l\u0131\u015f\u0131n\u0131 Yapm\u0131\u015f Oldu\u011fu Mehmet Akif Ersoy Gen\u00e7lik Merkezinin A\u00e7\u0131l\u0131\u015f<\/a>\t\t\t<\/h6>\n\t\t\t<a href=\"https:\/\/remzisekerci.com\/?p=25633\" target=\"_self\" rel=\"noopener\">Haberi Oku &#8594;<\/a>\t\t\n\t\t\t\t\t\t\t\t\t\t\t\t\t\t<a href=\"https:\/\/remzisekerci.com\/?p=25466\" target=\"_self\" title=\"\u0130l\u00e7e Te\u015fkilat\u0131m\u0131z\u0131n D\u00fcn Ak\u015fam D\u00fczenledi\u011fi Haftal\u0131k Ola\u011fan Y\u00f6netim Kurulu Toplant\u0131s\u0131na Kat\u0131ld\u0131k.\" rel=\"noopener\">\n\t\t\t\t<img decoding=\"async\" src=\"https:\/\/remzisekerci.com\/wp-content\/uploads\/2023\/12\/FSDFD.png\" alt=\"\" \/>\n\t\t\t\t<\/a>\n\t\t\t\t\t\t<h6>\n\t\t\t\t<a href=https:\/\/remzisekerci.com\/?p=25466 title=\"\u0130l\u00e7e Te\u015fkilat\u0131m\u0131z\u0131n D\u00fcn Ak\u015fam D\u00fczenledi\u011fi Haftal\u0131k Ola\u011fan Y\u00f6netim Kurulu Toplant\u0131s\u0131na Kat\u0131ld\u0131k.\" tabindex=\"0\">\u0130l\u00e7e Te\u015fkilat\u0131m\u0131z\u0131n D\u00fcn Ak\u015fam D\u00fczenledi\u011fi Haftal\u0131k Ola\u011fan Y\u00f6netim Kurulu Toplant\u0131s\u0131na Kat\u0131ld\u0131k.<\/a>\t\t\t<\/h6>\n\t\t\t<a href=\"https:\/\/remzisekerci.com\/?p=25466\" target=\"_self\" rel=\"noopener\">Haberi Oku &#8594;<\/a>\t\t\n\t\t\t\t\t\t\t\t\t\t\t\t\t\t<a href=\"https:\/\/remzisekerci.com\/?p=25392\" target=\"_self\" title=\"Fransa&#8217;daki T\u00fcklerden s\u00f6zde soyk\u0131r\u0131m an\u0131t\u0131na tepki\" rel=\"noopener\">\n\t\t\t\t<img decoding=\"async\" src=\"https:\/\/remzisekerci.com\/wp-content\/uploads\/2023\/12\/5af70e1cc9de3d21c8d35947.jpg.webp\" alt=\"\" \/>\n\t\t\t\t<\/a>\n\t\t\t\t\t\t<h6>\n\t\t\t\t<a href=https:\/\/remzisekerci.com\/?p=25392 title=\"Fransa&#8217;daki T\u00fcklerden s\u00f6zde soyk\u0131r\u0131m an\u0131t\u0131na tepki\" tabindex=\"0\">Fransa&#8217;daki T\u00fcklerden s\u00f6zde soyk\u0131r\u0131m an\u0131t\u0131na tepki<\/a>\t\t\t<\/h6>\n\t\t\t<a href=\"https:\/\/remzisekerci.com\/?p=25392\" target=\"_self\" rel=\"noopener\">Haberi Oku &#8594;<\/a>\t\t\n\t\t\t\t\t\t\t\t\t\t\t\t\t\t<a href=\"https:\/\/remzisekerci.com\/?p=25425\" target=\"_self\" title=\"Remzi \u015eekerci, AK Parti Milletvekili Aday Adayl\u0131\u011f\u0131n\u0131 a\u00e7\u0131klad\u0131.\" rel=\"noopener\">\n\t\t\t\t<img decoding=\"async\" src=\"https:\/\/remzisekerci.com\/wp-content\/uploads\/2023\/12\/csdcsdcsd.png\" alt=\"\" \/>\n\t\t\t\t<\/a>\n\t\t\t\t\t\t<h6>\n\t\t\t\t<a href=https:\/\/remzisekerci.com\/?p=25425 title=\"Remzi \u015eekerci, AK Parti Milletvekili Aday Adayl\u0131\u011f\u0131n\u0131 a\u00e7\u0131klad\u0131.\" tabindex=\"0\">Remzi \u015eekerci, AK Parti Milletvekili Aday Adayl\u0131\u011f\u0131n\u0131 a\u00e7\u0131klad\u0131.<\/a>\t\t\t<\/h6>\n\t\t\t<a href=\"https:\/\/remzisekerci.com\/?p=25425\" target=\"_self\" rel=\"noopener\">Haberi Oku &#8594;<\/a>\t\t\n\n","protected":false},"excerpt":{"rendered":"<p>SOSYAL MED\u0130YADA B\u0130Z\u0130 TAK\u0130P ETMEY\u0130 &hellip;<\/p>\n<p class=\"read-more\"> <a class=\"\" href=\"https:\/\/remzisekerci.com\/\"> <span class=\"screen-reader-text\">Anasayfa<\/span> Read More \u00bb<\/a><\/p>\n","protected":false},"author":1,"featured_media":0,"parent":0,"menu_order":0,"comment_status":"closed","ping_status":"closed","template":"","meta":{"_uag_custom_page_level_css":"","site-sidebar-layout":"no-sidebar","site-content-layout":"page-builder","ast-site-content-layout":"full-width-container","site-content-style":"unboxed","site-sidebar-style":"unboxed","ast-global-header-display":"","ast-banner-title-visibility":"","ast-main-header-display":"","ast-hfb-above-header-display":"","ast-hfb-below-header-display":"","ast-hfb-mobile-header-display":"","site-post-title":"disabled","ast-breadcrumbs-content":"","ast-featured-img":"disabled","footer-sml-layout":"","theme-transparent-header-meta":"default","adv-header-id-meta":"","stick-header-meta":"","header-above-stick-meta":"","header-main-stick-meta":"","header-below-stick-meta":"","astra-migrate-meta-layouts":"set","ast-page-background-enabled":"default","ast-page-background-meta":{"desktop":{"background-color":"","background-image":"","background-repeat":"repeat","background-position":"center center","background-size":"auto","background-attachment":"scroll","background-type":"","background-media":"","overlay-type":"","overlay-color":"","overlay-gradient":""},"tablet":{"background-color":"","background-image":"","background-repeat":"repeat","background-position":"center center","background-size":"auto","background-attachment":"scroll","background-type":"","background-media":"","overlay-type":"","overlay-color":"","overlay-gradient":""},"mobile":{"background-color":"","background-image":"","background-repeat":"repeat","background-position":"center center","background-size":"auto","background-attachment":"scroll","background-type":"","background-media":"","overlay-type":"","overlay-color":"","overlay-gradient":""}},"ast-content-background-meta":{"desktop":{"background-color":"var(--ast-global-color-5)","background-image":"","background-repeat":"repeat","background-position":"center center","background-size":"auto","background-attachment":"scroll","background-type":"","background-media":"","overlay-type":"","overlay-color":"","overlay-gradient":""},"tablet":{"background-color":"var(--ast-global-color-5)","background-image":"","background-repeat":"repeat","background-position":"center center","background-size":"auto","background-attachment":"scroll","background-type":"","background-media":"","overlay-type":"","overlay-color":"","overlay-gradient":""},"mobile":{"background-color":"var(--ast-global-color-5)","background-image":"","background-repeat":"repeat","background-position":"center center","background-size":"auto","background-attachment":"scroll","background-type":"","background-media":"","overlay-type":"","overlay-color":"","overlay-gradient":""}},"_joinchat":[],"footnotes":""},"class_list":["post-24365","page","type-page","status-publish","hentry"],"yoast_head":"<!-- This site is optimized with the Yoast SEO plugin v21.6 - https:\/\/yoast.com\/wordpress\/plugins\/seo\/ -->\n<title>Anasayfa - Remzi \u015eEKERC\u0130<\/title>\n<meta name=\"robots\" content=\"index, follow, max-snippet:-1, max-image-preview:large, max-video-preview:-1\" \/>\n<link rel=\"canonical\" href=\"https:\/\/remzisekerci.com\/\" \/>\n<meta property=\"og:locale\" content=\"tr_TR\" \/>\n<meta property=\"og:type\" content=\"article\" \/>\n<meta property=\"og:title\" content=\"Anasayfa - Remzi \u015eEKERC\u0130\" \/>\n<meta property=\"og:description\" content=\"SOSYAL MED\u0130YADA B\u0130Z\u0130 TAK\u0130P ETMEY\u0130 &hellip; Anasayfa Read More \u00bb\" \/>\n<meta property=\"og:url\" content=\"https:\/\/remzisekerci.com\/\" \/>\n<meta property=\"og:site_name\" content=\"Remzi \u015eEKERC\u0130\" \/>\n<meta property=\"article:modified_time\" content=\"2023-12-27T12:23:55+00:00\" \/>\n<meta property=\"og:image\" content=\"https:\/\/remzisekerci.com\/wp-content\/uploads\/2023\/12\/facebookk-300x180.png\" \/>\n<meta name=\"twitter:card\" content=\"summary_large_image\" \/>\n<meta name=\"twitter:label1\" content=\"Tahmini okuma s\u00fcresi\" \/>\n\t<meta name=\"twitter:data1\" content=\"3 dakika\" \/>\n<script type=\"application\/ld+json\" class=\"yoast-schema-graph\">{\"@context\":\"https:\/\/schema.org\",\"@graph\":[{\"@type\":\"WebPage\",\"@id\":\"https:\/\/remzisekerci.com\/\",\"url\":\"https:\/\/remzisekerci.com\/\",\"name\":\"Anasayfa - Remzi \u015eEKERC\u0130\",\"isPartOf\":{\"@id\":\"https:\/\/remzisekerci.com\/#website\"},\"datePublished\":\"2020-11-10T05:00:32+00:00\",\"dateModified\":\"2023-12-27T12:23:55+00:00\",\"breadcrumb\":{\"@id\":\"https:\/\/remzisekerci.com\/#breadcrumb\"},\"inLanguage\":\"tr\",\"potentialAction\":[{\"@type\":\"ReadAction\",\"target\":[\"https:\/\/remzisekerci.com\/\"]}]},{\"@type\":\"BreadcrumbList\",\"@id\":\"https:\/\/remzisekerci.com\/#breadcrumb\",\"itemListElement\":[{\"@type\":\"ListItem\",\"position\":1,\"name\":\"Anasayfa\",\"item\":\"https:\/\/remzisekerci.com\/\"},{\"@type\":\"ListItem\",\"position\":2,\"name\":\"Anasayfa\"}]},{\"@type\":\"WebSite\",\"@id\":\"https:\/\/remzisekerci.com\/#website\",\"url\":\"https:\/\/remzisekerci.com\/\",\"name\":\"Remzi \u015eEKERC\u0130\",\"description\":\"\u015eimdi Akhisar \u0130\u00e7in...\",\"publisher\":{\"@id\":\"https:\/\/remzisekerci.com\/#organization\"},\"potentialAction\":[{\"@type\":\"SearchAction\",\"target\":{\"@type\":\"EntryPoint\",\"urlTemplate\":\"https:\/\/remzisekerci.com\/?s={search_term_string}\"},\"query-input\":\"required name=search_term_string\"}],\"inLanguage\":\"tr\"},{\"@type\":\"Organization\",\"@id\":\"https:\/\/remzisekerci.com\/#organization\",\"name\":\"Remzi \u015eEKERC\u0130\",\"url\":\"https:\/\/remzisekerci.com\/\",\"logo\":{\"@type\":\"ImageObject\",\"inLanguage\":\"tr\",\"@id\":\"https:\/\/remzisekerci.com\/#\/schema\/logo\/image\/\",\"url\":\"https:\/\/remzisekerci.com\/wp-content\/uploads\/2023\/12\/cropped-cropped-Basliksiz-9.png\",\"contentUrl\":\"https:\/\/remzisekerci.com\/wp-content\/uploads\/2023\/12\/cropped-cropped-Basliksiz-9.png\",\"width\":2050,\"height\":596,\"caption\":\"Remzi \u015eEKERC\u0130\"},\"image\":{\"@id\":\"https:\/\/remzisekerci.com\/#\/schema\/logo\/image\/\"}}]}<\/script>\n<!-- \/ Yoast SEO plugin. -->","yoast_head_json":{"title":"Anasayfa - Remzi \u015eEKERC\u0130","robots":{"index":"index","follow":"follow","max-snippet":"max-snippet:-1","max-image-preview":"max-image-preview:large","max-video-preview":"max-video-preview:-1"},"canonical":"https:\/\/remzisekerci.com\/","og_locale":"tr_TR","og_type":"article","og_title":"Anasayfa - Remzi \u015eEKERC\u0130","og_description":"SOSYAL MED\u0130YADA B\u0130Z\u0130 TAK\u0130P ETMEY\u0130 &hellip; Anasayfa Read More \u00bb","og_url":"https:\/\/remzisekerci.com\/","og_site_name":"Remzi \u015eEKERC\u0130","article_modified_time":"2023-12-27T12:23:55+00:00","og_image":[{"url":"https:\/\/remzisekerci.com\/wp-content\/uploads\/2023\/12\/facebookk-300x180.png"}],"twitter_card":"summary_large_image","twitter_misc":{"Tahmini okuma s\u00fcresi":"3 dakika"},"schema":{"@context":"https:\/\/schema.org","@graph":[{"@type":"WebPage","@id":"https:\/\/remzisekerci.com\/","url":"https:\/\/remzisekerci.com\/","name":"Anasayfa - Remzi \u015eEKERC\u0130","isPartOf":{"@id":"https:\/\/remzisekerci.com\/#website"},"datePublished":"2020-11-10T05:00:32+00:00","dateModified":"2023-12-27T12:23:55+00:00","breadcrumb":{"@id":"https:\/\/remzisekerci.com\/#breadcrumb"},"inLanguage":"tr","potentialAction":[{"@type":"ReadAction","target":["https:\/\/remzisekerci.com\/"]}]},{"@type":"BreadcrumbList","@id":"https:\/\/remzisekerci.com\/#breadcrumb","itemListElement":[{"@type":"ListItem","position":1,"name":"Anasayfa","item":"https:\/\/remzisekerci.com\/"},{"@type":"ListItem","position":2,"name":"Anasayfa"}]},{"@type":"WebSite","@id":"https:\/\/remzisekerci.com\/#website","url":"https:\/\/remzisekerci.com\/","name":"Remzi \u015eEKERC\u0130","description":"\u015eimdi Akhisar \u0130\u00e7in...","publisher":{"@id":"https:\/\/remzisekerci.com\/#organization"},"potentialAction":[{"@type":"SearchAction","target":{"@type":"EntryPoint","urlTemplate":"https:\/\/remzisekerci.com\/?s={search_term_string}"},"query-input":"required name=search_term_string"}],"inLanguage":"tr"},{"@type":"Organization","@id":"https:\/\/remzisekerci.com\/#organization","name":"Remzi \u015eEKERC\u0130","url":"https:\/\/remzisekerci.com\/","logo":{"@type":"ImageObject","inLanguage":"tr","@id":"https:\/\/remzisekerci.com\/#\/schema\/logo\/image\/","url":"https:\/\/remzisekerci.com\/wp-content\/uploads\/2023\/12\/cropped-cropped-Basliksiz-9.png","contentUrl":"https:\/\/remzisekerci.com\/wp-content\/uploads\/2023\/12\/cropped-cropped-Basliksiz-9.png","width":2050,"height":596,"caption":"Remzi \u015eEKERC\u0130"},"image":{"@id":"https:\/\/remzisekerci.com\/#\/schema\/logo\/image\/"}}]}},"uagb_featured_image_src":{"full":false,"thumbnail":false,"medium":false,"medium_large":false,"large":false,"1536x1536":false,"2048x2048":false},"uagb_author_info":{"display_name":"admin","author_link":"https:\/\/remzisekerci.com\/?author=1"},"uagb_comment_info":0,"uagb_excerpt":"SOSYAL MED\u0130YADA B\u0130Z\u0130 TAK\u0130P ETMEY\u0130 &hellip; Anasayfa Read More \u00bb","_links":{"self":[{"href":"https:\/\/remzisekerci.com\/index.php?rest_route=\/wp\/v2\/pages\/24365","targetHints":{"allow":["GET"]}}],"collection":[{"href":"https:\/\/remzisekerci.com\/index.php?rest_route=\/wp\/v2\/pages"}],"about":[{"href":"https:\/\/remzisekerci.com\/index.php?rest_route=\/wp\/v2\/types\/page"}],"author":[{"embeddable":true,"href":"https:\/\/remzisekerci.com\/index.php?rest_route=\/wp\/v2\/users\/1"}],"replies":[{"embeddable":true,"href":"https:\/\/remzisekerci.com\/index.php?rest_route=%2Fwp%2Fv2%2Fcomments&post=24365"}],"version-history":[{"count":92,"href":"https:\/\/remzisekerci.com\/index.php?rest_route=\/wp\/v2\/pages\/24365\/revisions"}],"predecessor-version":[{"id":25652,"href":"https:\/\/remzisekerci.com\/index.php?rest_route=\/wp\/v2\/pages\/24365\/revisions\/25652"}],"wp:attachment":[{"href":"https:\/\/remzisekerci.com\/index.php?rest_route=%2Fwp%2Fv2%2Fmedia&parent=24365"}],"curies":[{"name":"wp","href":"https:\/\/api.w.org\/{rel}","templated":true}]}}