{"id":24369,"date":"2020-11-10T05:00:33","date_gmt":"2020-11-10T05:00:33","guid":{"rendered":"https:\/\/remzisekerci.com\/about-2\/"},"modified":"2023-12-20T20:18:24","modified_gmt":"2023-12-20T20:18:24","slug":"biyografi","status":"publish","type":"page","link":"https:\/\/remzisekerci.com\/?page_id=24369","title":{"rendered":"Biyografi"},"content":{"rendered":"\n\n\t<h1>\n\t\t\t\tBiyografi\n\t\t\t<\/h1>\n\t<div class=\"ast-breadcrumbs-wrapper\">\r\n\t\t\t<div class=\"ast-breadcrumbs-inner\"><nav role=\"navigation\" aria-label=\"Ba\u011flant\u0131 haritas\u0131\" class=\"breadcrumb-trail breadcrumbs\" ><div class=\"ast-breadcrumbs\"><ul class=\"trail-items\" ><li  class=\"trail-item trail-end\"><span><a href=\"https:\/\/remzisekerci.com\" rel=\"home\"><span >Ana sayfa<\/span><\/a><\/span><\/li><\/ul><\/div><\/nav><\/div>\r\n\t\t<\/div>\n\t\t\t\t<img loading=\"lazy\" decoding=\"async\" src=\"https:\/\/remzisekerci.com\/wp-content\/uploads\/2023\/12\/dscsdvsdvsd-scaled.jpg\" alt=\"dscsdvsdvsd\" itemprop=\"image\" height=\"1018\" width=\"2560\" title=\"dscsdvsdvsd\" onerror=\"this.style.display='none'\"  \/>\n\t<p>Remzi \u015eEKERC\u0130, ilk\u00f6\u011fretim ve orta\u00f6\u011fretimini Akhisar&#8217;da tamamlad\u0131ktan sonra \u00fcniversite e\u011fitimi i\u00e7in Fransa&#8217;ya gitti. E\u011fitimini tamamlamas\u0131n\u0131n ard\u0131ndan babas\u0131 Mehmet \u015eEKERC\u0130&#8217;nin \u00f6nderli\u011finde 1987&#8217;de kurulan T\u00fcrk-Frans\u0131z K\u00fclt\u00fcr ve Spor Derne\u011fi&#8217;nde hizmet verdikten sonra ba\u015fkanl\u0131k g\u00f6revini \u00fcstlendi.<\/p>\n<p>Uzun d\u00f6nem belediye enc\u00fcmenli\u011fi ve belediye ba\u015fkan yard\u0131mc\u0131l\u0131\u011f\u0131 yapt\u0131. 1997 y\u0131l\u0131nda Fransa&#8217;da ilk M\u00dcS\u0130AD \u015fubesinin kurulu\u015funda kurucu \u00fcyelerinden olup uzun y\u0131llar T\u00fcrk i\u015f insanlar\u0131na hizmet verdi. Remzi \u015eekerci M\u00dcS\u0130AD ve UTEP b\u00fcnyesinde faaliyetlerini s\u00fcrd\u00fcrmektedir. Fransa&#8217;da bir ilki ger\u00e7ekle\u015ftirerek, E\u015fitlik ve Adalet Partisi (PEJ partisinin) kurucu \u00fcyesidir. Fransa&#8217;da, 2017 se\u00e7imlerinde milletvekili aday\u0131 oldu ve se\u00e7im s\u00fcrecinde ald\u0131\u011f\u0131 y\u00fcksek oy oran\u0131yla Fransa Kom\u00fcnist Partisini geride b\u0131rakarak dikkatleri \u00fczerine \u00e7ekti. Ak Parti yurt d\u0131\u015f\u0131 temsilcisi olan Uluslararas\u0131 Demokrat Birli\u011fi (U\u0130D) b\u00fcnyesinde yap\u0131lan t\u00fcm \u00e7al\u0131\u015fmalarda g\u00f6rev ald\u0131. Ayn\u0131 zamanda, DEIK (D\u0131\u015f Ekonomi \u0130li\u015fkiler Kurulu) \u00fcyesidir ve hala faaliyetlerini s\u00fcrd\u00fcrmektedir. Avrupa&#8217;da konu\u015flanan, ter\u00f6r \u00f6rg\u00fctlerine ve s\u00f6zde Ermeni soyk\u0131r\u0131m\u0131 faaliyetlerine kar\u015f\u0131 durarak Avrupa genelinde m\u00fccadele verdi. 35 y\u0131l\u0131 a\u015fk\u0131n s\u00fcredir Strasbourg merkezli olarak faaliyet g\u00f6steren, COJEP Uluslararas\u0131 Adalet, E\u015fitlik ve Bar\u0131\u015f Konseyi kurucu \u00fcyesidir. Ve bu te\u015fkilatta say\u0131s\u0131z faaliyet y\u00fcr\u00fctm\u00fc\u015ft\u00fcr. Paris-T\u00fcrk B\u00fcy\u00fckel\u00e7ili\u011fi ve Ba\u015fkonsoloslu\u011fu \u00f6nc\u00fcl\u00fc\u011f\u00fcnde, \u00fclkemizi Fransa&#8217;da \u00e7e\u015fitli kurum ve kurulu\u015flarda en iyi \u015fekilde temsil etti.<\/p>\n<p>Ayn\u0131 zamanda \u00fclkemizin Cumhurba\u015fkanlar\u0131, Ba\u015fbakanlar\u0131, Bakanlar\u0131 say\u0131s\u0131z B\u00fcrokrat ve Milletvekilleri ile s\u00fcrekli i\u015f birli\u011fi i\u00e7inde hizmet etti. \u00c7ok iyi derecede Frans\u0131zca, Orta derecede \u0130ngilizce biliyor. REMZ\u0130 \u015eEKERC\u0130 halen T\u00fcrkiye ile Avrupa ve Afrika \u00fclkeleri aras\u0131nda d\u0131\u015f ticaret, ithalat ve ihracat i\u015fleri ile \u00e7al\u0131\u015fmalar\u0131na devam etmektedir. Evli ve 4 \u00e7ocuk babas\u0131d\u0131r.<\/p>\n\n","protected":false},"excerpt":{"rendered":"<p>Remzi \u015eEKERC\u0130, ilk\u00f6\u011fretim ve orta\u00f6\u011fretimini &hellip;<\/p>\n<p class=\"read-more\"> <a class=\"\" href=\"https:\/\/remzisekerci.com\/?page_id=24369\"> <span class=\"screen-reader-text\">Biyografi<\/span> Read More \u00bb<\/a><\/p>\n","protected":false},"author":1,"featured_media":0,"parent":0,"menu_order":0,"comment_status":"closed","ping_status":"closed","template":"","meta":{"_uag_custom_page_level_css":"","site-sidebar-layout":"no-sidebar","site-content-layout":"page-builder","ast-site-content-layout":"full-width-container","site-content-style":"unboxed","site-sidebar-style":"unboxed","ast-global-header-display":"","ast-banner-title-visibility":"","ast-main-header-display":"","ast-hfb-above-header-display":"","ast-hfb-below-header-display":"","ast-hfb-mobile-header-display":"","site-post-title":"disabled","ast-breadcrumbs-content":"","ast-featured-img":"disabled","footer-sml-layout":"","theme-transparent-header-meta":"","adv-header-id-meta":"","stick-header-meta":"","header-above-stick-meta":"","header-main-stick-meta":"","header-below-stick-meta":"","astra-migrate-meta-layouts":"set","ast-page-background-enabled":"default","ast-page-background-meta":{"desktop":{"background-color":"","background-image":"","background-repeat":"repeat","background-position":"center center","background-size":"auto","background-attachment":"scroll","background-type":"","background-media":"","overlay-type":"","overlay-color":"","overlay-gradient":""},"tablet":{"background-color":"","background-image":"","background-repeat":"repeat","background-position":"center center","background-size":"auto","background-attachment":"scroll","background-type":"","background-media":"","overlay-type":"","overlay-color":"","overlay-gradient":""},"mobile":{"background-color":"","background-image":"","background-repeat":"repeat","background-position":"center center","background-size":"auto","background-attachment":"scroll","background-type":"","background-media":"","overlay-type":"","overlay-color":"","overlay-gradient":""}},"ast-content-background-meta":{"desktop":{"background-color":"var(--ast-global-color-5)","background-image":"","background-repeat":"repeat","background-position":"center center","background-size":"auto","background-attachment":"scroll","background-type":"","background-media":"","overlay-type":"","overlay-color":"","overlay-gradient":""},"tablet":{"background-color":"var(--ast-global-color-5)","background-image":"","background-repeat":"repeat","background-position":"center center","background-size":"auto","background-attachment":"scroll","background-type":"","background-media":"","overlay-type":"","overlay-color":"","overlay-gradient":""},"mobile":{"background-color":"var(--ast-global-color-5)","background-image":"","background-repeat":"repeat","background-position":"center center","background-size":"auto","background-attachment":"scroll","background-type":"","background-media":"","overlay-type":"","overlay-color":"","overlay-gradient":""}},"_joinchat":[],"footnotes":""},"class_list":["post-24369","page","type-page","status-publish","hentry"],"yoast_head":"<!-- This site is optimized with the Yoast SEO plugin v21.6 - https:\/\/yoast.com\/wordpress\/plugins\/seo\/ -->\n<title>Biyografi - Remzi \u015eEKERC\u0130<\/title>\n<meta name=\"robots\" content=\"index, follow, max-snippet:-1, max-image-preview:large, max-video-preview:-1\" \/>\n<link rel=\"canonical\" href=\"https:\/\/remzisekerci.com\/?page_id=24369\" \/>\n<meta property=\"og:locale\" content=\"tr_TR\" \/>\n<meta property=\"og:type\" content=\"article\" \/>\n<meta property=\"og:title\" content=\"Biyografi - Remzi \u015eEKERC\u0130\" \/>\n<meta property=\"og:description\" content=\"Remzi \u015eEKERC\u0130, ilk\u00f6\u011fretim ve orta\u00f6\u011fretimini &hellip; Biyografi Read More \u00bb\" \/>\n<meta property=\"og:url\" content=\"https:\/\/remzisekerci.com\/?page_id=24369\" \/>\n<meta property=\"og:site_name\" content=\"Remzi \u015eEKERC\u0130\" \/>\n<meta property=\"article:modified_time\" content=\"2023-12-20T20:18:24+00:00\" \/>\n<meta property=\"og:image\" content=\"https:\/\/remzisekerci.com\/wp-content\/uploads\/2023\/12\/dscsdvsdvsd-scaled.jpg\" \/>\n<meta name=\"twitter:card\" content=\"summary_large_image\" \/>\n<script type=\"application\/ld+json\" class=\"yoast-schema-graph\">{\"@context\":\"https:\/\/schema.org\",\"@graph\":[{\"@type\":\"WebPage\",\"@id\":\"https:\/\/remzisekerci.com\/?page_id=24369\",\"url\":\"https:\/\/remzisekerci.com\/?page_id=24369\",\"name\":\"Biyografi - Remzi \u015eEKERC\u0130\",\"isPartOf\":{\"@id\":\"https:\/\/remzisekerci.com\/#website\"},\"datePublished\":\"2020-11-10T05:00:33+00:00\",\"dateModified\":\"2023-12-20T20:18:24+00:00\",\"breadcrumb\":{\"@id\":\"https:\/\/remzisekerci.com\/?page_id=24369#breadcrumb\"},\"inLanguage\":\"tr\",\"potentialAction\":[{\"@type\":\"ReadAction\",\"target\":[\"https:\/\/remzisekerci.com\/?page_id=24369\"]}]},{\"@type\":\"BreadcrumbList\",\"@id\":\"https:\/\/remzisekerci.com\/?page_id=24369#breadcrumb\",\"itemListElement\":[{\"@type\":\"ListItem\",\"position\":1,\"name\":\"Anasayfa\",\"item\":\"https:\/\/remzisekerci.com\/\"},{\"@type\":\"ListItem\",\"position\":2,\"name\":\"Biyografi\"}]},{\"@type\":\"WebSite\",\"@id\":\"https:\/\/remzisekerci.com\/#website\",\"url\":\"https:\/\/remzisekerci.com\/\",\"name\":\"Remzi \u015eEKERC\u0130\",\"description\":\"\u015eimdi Akhisar \u0130\u00e7in...\",\"publisher\":{\"@id\":\"https:\/\/remzisekerci.com\/#organization\"},\"potentialAction\":[{\"@type\":\"SearchAction\",\"target\":{\"@type\":\"EntryPoint\",\"urlTemplate\":\"https:\/\/remzisekerci.com\/?s={search_term_string}\"},\"query-input\":\"required name=search_term_string\"}],\"inLanguage\":\"tr\"},{\"@type\":\"Organization\",\"@id\":\"https:\/\/remzisekerci.com\/#organization\",\"name\":\"Remzi \u015eEKERC\u0130\",\"url\":\"https:\/\/remzisekerci.com\/\",\"logo\":{\"@type\":\"ImageObject\",\"inLanguage\":\"tr\",\"@id\":\"https:\/\/remzisekerci.com\/#\/schema\/logo\/image\/\",\"url\":\"https:\/\/remzisekerci.com\/wp-content\/uploads\/2023\/12\/cropped-cropped-Basliksiz-9.png\",\"contentUrl\":\"https:\/\/remzisekerci.com\/wp-content\/uploads\/2023\/12\/cropped-cropped-Basliksiz-9.png\",\"width\":2050,\"height\":596,\"caption\":\"Remzi \u015eEKERC\u0130\"},\"image\":{\"@id\":\"https:\/\/remzisekerci.com\/#\/schema\/logo\/image\/\"}}]}<\/script>\n<!-- \/ Yoast SEO plugin. -->","yoast_head_json":{"title":"Biyografi - Remzi \u015eEKERC\u0130","robots":{"index":"index","follow":"follow","max-snippet":"max-snippet:-1","max-image-preview":"max-image-preview:large","max-video-preview":"max-video-preview:-1"},"canonical":"https:\/\/remzisekerci.com\/?page_id=24369","og_locale":"tr_TR","og_type":"article","og_title":"Biyografi - Remzi \u015eEKERC\u0130","og_description":"Remzi \u015eEKERC\u0130, ilk\u00f6\u011fretim ve orta\u00f6\u011fretimini &hellip; Biyografi Read More \u00bb","og_url":"https:\/\/remzisekerci.com\/?page_id=24369","og_site_name":"Remzi \u015eEKERC\u0130","article_modified_time":"2023-12-20T20:18:24+00:00","og_image":[{"url":"https:\/\/remzisekerci.com\/wp-content\/uploads\/2023\/12\/dscsdvsdvsd-scaled.jpg"}],"twitter_card":"summary_large_image","schema":{"@context":"https:\/\/schema.org","@graph":[{"@type":"WebPage","@id":"https:\/\/remzisekerci.com\/?page_id=24369","url":"https:\/\/remzisekerci.com\/?page_id=24369","name":"Biyografi - Remzi \u015eEKERC\u0130","isPartOf":{"@id":"https:\/\/remzisekerci.com\/#website"},"datePublished":"2020-11-10T05:00:33+00:00","dateModified":"2023-12-20T20:18:24+00:00","breadcrumb":{"@id":"https:\/\/remzisekerci.com\/?page_id=24369#breadcrumb"},"inLanguage":"tr","potentialAction":[{"@type":"ReadAction","target":["https:\/\/remzisekerci.com\/?page_id=24369"]}]},{"@type":"BreadcrumbList","@id":"https:\/\/remzisekerci.com\/?page_id=24369#breadcrumb","itemListElement":[{"@type":"ListItem","position":1,"name":"Anasayfa","item":"https:\/\/remzisekerci.com\/"},{"@type":"ListItem","position":2,"name":"Biyografi"}]},{"@type":"WebSite","@id":"https:\/\/remzisekerci.com\/#website","url":"https:\/\/remzisekerci.com\/","name":"Remzi \u015eEKERC\u0130","description":"\u015eimdi Akhisar \u0130\u00e7in...","publisher":{"@id":"https:\/\/remzisekerci.com\/#organization"},"potentialAction":[{"@type":"SearchAction","target":{"@type":"EntryPoint","urlTemplate":"https:\/\/remzisekerci.com\/?s={search_term_string}"},"query-input":"required name=search_term_string"}],"inLanguage":"tr"},{"@type":"Organization","@id":"https:\/\/remzisekerci.com\/#organization","name":"Remzi \u015eEKERC\u0130","url":"https:\/\/remzisekerci.com\/","logo":{"@type":"ImageObject","inLanguage":"tr","@id":"https:\/\/remzisekerci.com\/#\/schema\/logo\/image\/","url":"https:\/\/remzisekerci.com\/wp-content\/uploads\/2023\/12\/cropped-cropped-Basliksiz-9.png","contentUrl":"https:\/\/remzisekerci.com\/wp-content\/uploads\/2023\/12\/cropped-cropped-Basliksiz-9.png","width":2050,"height":596,"caption":"Remzi \u015eEKERC\u0130"},"image":{"@id":"https:\/\/remzisekerci.com\/#\/schema\/logo\/image\/"}}]}},"uagb_featured_image_src":{"full":false,"thumbnail":false,"medium":false,"medium_large":false,"large":false,"1536x1536":false,"2048x2048":false},"uagb_author_info":{"display_name":"admin","author_link":"https:\/\/remzisekerci.com\/?author=1"},"uagb_comment_info":0,"uagb_excerpt":"Remzi \u015eEKERC\u0130, ilk\u00f6\u011fretim ve orta\u00f6\u011fretimini &hellip; Biyografi Read More \u00bb","_links":{"self":[{"href":"https:\/\/remzisekerci.com\/index.php?rest_route=\/wp\/v2\/pages\/24369","targetHints":{"allow":["GET"]}}],"collection":[{"href":"https:\/\/remzisekerci.com\/index.php?rest_route=\/wp\/v2\/pages"}],"about":[{"href":"https:\/\/remzisekerci.com\/index.php?rest_route=\/wp\/v2\/types\/page"}],"author":[{"embeddable":true,"href":"https:\/\/remzisekerci.com\/index.php?rest_route=\/wp\/v2\/users\/1"}],"replies":[{"embeddable":true,"href":"https:\/\/remzisekerci.com\/index.php?rest_route=%2Fwp%2Fv2%2Fcomments&post=24369"}],"version-history":[{"count":20,"href":"https:\/\/remzisekerci.com\/index.php?rest_route=\/wp\/v2\/pages\/24369\/revisions"}],"predecessor-version":[{"id":25608,"href":"https:\/\/remzisekerci.com\/index.php?rest_route=\/wp\/v2\/pages\/24369\/revisions\/25608"}],"wp:attachment":[{"href":"https:\/\/remzisekerci.com\/index.php?rest_route=%2Fwp%2Fv2%2Fmedia&parent=24369"}],"curies":[{"name":"wp","href":"https:\/\/api.w.org\/{rel}","templated":true}]}}