{"id":24637,"date":"2023-10-26T08:11:44","date_gmt":"2023-10-26T08:11:44","guid":{"rendered":"https:\/\/remzisekerci.com\/?page_id=24637"},"modified":"2023-12-19T00:14:59","modified_gmt":"2023-12-19T00:14:59","slug":"mahallemizden-haberler","status":"publish","type":"page","link":"https:\/\/remzisekerci.com\/?page_id=24637","title":{"rendered":"Duyuru &#038; Etkinlik"},"content":{"rendered":"\n<h1>\n\t\t\t\tDuyuru &#038; Etkinlik\n\t\t\t<\/h1>\n\t<div class=\"ast-breadcrumbs-wrapper\">\r\n\t\t\t<div class=\"ast-breadcrumbs-inner\"><nav role=\"navigation\" aria-label=\"Ba\u011flant\u0131 haritas\u0131\" class=\"breadcrumb-trail breadcrumbs\" ><div class=\"ast-breadcrumbs\"><ul class=\"trail-items\" ><li  class=\"trail-item trail-end\"><span><a href=\"https:\/\/remzisekerci.com\" rel=\"home\"><span >Ana sayfa<\/span><\/a><\/span><\/li><\/ul><\/div><\/nav><\/div>\r\n\t\t<\/div>\n\t\t\t\t\t\t\t\t\t\t\t\t\t\t<a href=\"https:\/\/remzisekerci.com\/fehime-gulec-ortaokulu-yenilenme-kapsaminda-yikildi\/\" target=\"_self\" title=\"Fehime g\u00fcle\u00e7 ortaokulu yenilenme kapsam\u0131nda Y\u0131k\u0131ld\u0131&nbsp;\" rel=\"noopener\">\n\t\t\t\t<img decoding=\"async\" src=\"https:\/\/remzisekerci.com\/wp-content\/uploads\/2023\/12\/6-1.png\" alt=\"\">\n\t\t\t\t<\/a>\n\t\t\t\t\t\t<h6>\n\t\t\t\t<a href=\"https:\/\/remzisekerci.com\/fehime-gulec-ortaokulu-yenilenme-kapsaminda-yikildi\/\" title=\"Fehime g\u00fcle\u00e7 ortaokulu yenilenme kapsam\u0131nda Y\u0131k\u0131ld\u0131&nbsp;\" tabindex=\"0\">Fehime g\u00fcle\u00e7 ortaokulu yenilenme kapsam\u0131nda Y\u0131k\u0131ld\u0131&nbsp;<\/a>\t\t\t<\/h6>\n\t\t\t<a href=\"https:\/\/remzisekerci.com\/fehime-gulec-ortaokulu-yenilenme-kapsaminda-yikildi\/\" target=\"_self\" rel=\"noopener\">Haberi Oku \u2192<\/a>\t\t\n\t\t\t\t\t\t\t\t\t\t\t\t\t\t<a href=\"https:\/\/remzisekerci.com\/cumamiz-mubarek-olsun\/\" target=\"_self\" title=\"\ud835\udc02\ud835\udc14\ud835\udc0c\ud835\udc00\ud835\udc0c\ud835\udc08\ud835\udc19 \ud835\udc0c\ud835\udc14\ud835\udc01\ud835\udc00\ud835\udc11\ud835\udc04\ud835\udc0a \ud835\udc0e\ud835\udc0b\ud835\udc12\ud835\udc14\ud835\udc0d\" rel=\"noopener\">\n\t\t\t\t<img decoding=\"async\" src=\"https:\/\/remzisekerci.com\/wp-content\/uploads\/2023\/12\/cuma.jpeg\" alt=\"\">\n\t\t\t\t<\/a>\n\t\t\t\t\t\t<h6>\n\t\t\t\t<a href=\"https:\/\/remzisekerci.com\/cumamiz-mubarek-olsun\/\" title=\"\ud835\udc02\ud835\udc14\ud835\udc0c\ud835\udc00\ud835\udc0c\ud835\udc08\ud835\udc19 \ud835\udc0c\ud835\udc14\ud835\udc01\ud835\udc00\ud835\udc11\ud835\udc04\ud835\udc0a \ud835\udc0e\ud835\udc0b\ud835\udc12\ud835\udc14\ud835\udc0d\" tabindex=\"0\">\ud835\udc02\ud835\udc14\ud835\udc0c\ud835\udc00\ud835\udc0c\ud835\udc08\ud835\udc19 \ud835\udc0c\ud835\udc14\ud835\udc01\ud835\udc00\ud835\udc11\ud835\udc04\ud835\udc0a \ud835\udc0e\ud835\udc0b\ud835\udc12\ud835\udc14\ud835\udc0d<\/a>\t\t\t<\/h6>\n\t\t\t<a href=\"https:\/\/remzisekerci.com\/cumamiz-mubarek-olsun\/\" target=\"_self\" rel=\"noopener\">Haberi Oku \u2192<\/a>\t\t\n\t\t\t\t\t\t\t\t\t\t\t\t\t\t<a href=\"https:\/\/remzisekerci.com\/cok-kiymetli-degirmicem-ve-incilipinar-mahalle-sakinlerimiz\/\" target=\"_self\" title=\"\u00c7ok k\u0131ymetli De\u011firmi\u00e7em ve \u0130ncilip\u0131nar Mahalle Sakinlerimiz\" rel=\"noopener\">\n\t\t\t\t<img decoding=\"async\" src=\"https:\/\/remzisekerci.com\/wp-content\/uploads\/2023\/11\/6-5.1.webp\" alt=\"\">\n\t\t\t\t<\/a>\n\t\t\t\t\t\t<h6>\n\t\t\t\t<a href=\"https:\/\/remzisekerci.com\/cok-kiymetli-degirmicem-ve-incilipinar-mahalle-sakinlerimiz\/\" title=\"\u00c7ok k\u0131ymetli De\u011firmi\u00e7em ve \u0130ncilip\u0131nar Mahalle Sakinlerimiz\" tabindex=\"0\">\u00c7ok k\u0131ymetli De\u011firmi\u00e7em ve \u0130ncilip\u0131nar Mahalle Sakinlerimiz<\/a>\t\t\t<\/h6>\n\t\t\t<a href=\"https:\/\/remzisekerci.com\/cok-kiymetli-degirmicem-ve-incilipinar-mahalle-sakinlerimiz\/\" target=\"_self\" rel=\"noopener\">Haberi Oku \u2192<\/a>\n","protected":false},"excerpt":{"rendered":"<p>Fehime g\u00fcle\u00e7 ortaokulu yenilenme kapsam\u0131nda &hellip;<\/p>\n<p class=\"read-more\"> <a class=\"\" href=\"https:\/\/remzisekerci.com\/?page_id=24637\"> <span class=\"screen-reader-text\">Duyuru &#038; Etkinlik<\/span> Read More \u00bb<\/a><\/p>\n","protected":false},"author":2,"featured_media":0,"parent":0,"menu_order":0,"comment_status":"closed","ping_status":"closed","template":"","meta":{"_uag_custom_page_level_css":"","site-sidebar-layout":"no-sidebar","site-content-layout":"page-builder","ast-site-content-layout":"full-width-container","site-content-style":"unboxed","site-sidebar-style":"unboxed","ast-global-header-display":"","ast-banner-title-visibility":"","ast-main-header-display":"","ast-hfb-above-header-display":"","ast-hfb-below-header-display":"","ast-hfb-mobile-header-display":"","site-post-title":"disabled","ast-breadcrumbs-content":"","ast-featured-img":"disabled","footer-sml-layout":"","theme-transparent-header-meta":"","adv-header-id-meta":"","stick-header-meta":"","header-above-stick-meta":"","header-main-stick-meta":"","header-below-stick-meta":"","astra-migrate-meta-layouts":"set","ast-page-background-enabled":"default","ast-page-background-meta":{"desktop":{"background-color":"","background-image":"","background-repeat":"repeat","background-position":"center center","background-size":"auto","background-attachment":"scroll","background-type":"","background-media":"","overlay-type":"","overlay-color":"","overlay-gradient":""},"tablet":{"background-color":"","background-image":"","background-repeat":"repeat","background-position":"center center","background-size":"auto","background-attachment":"scroll","background-type":"","background-media":"","overlay-type":"","overlay-color":"","overlay-gradient":""},"mobile":{"background-color":"","background-image":"","background-repeat":"repeat","background-position":"center center","background-size":"auto","background-attachment":"scroll","background-type":"","background-media":"","overlay-type":"","overlay-color":"","overlay-gradient":""}},"ast-content-background-meta":{"desktop":{"background-color":"var(--ast-global-color-5)","background-image":"","background-repeat":"repeat","background-position":"center center","background-size":"auto","background-attachment":"scroll","background-type":"","background-media":"","overlay-type":"","overlay-color":"","overlay-gradient":""},"tablet":{"background-color":"var(--ast-global-color-5)","background-image":"","background-repeat":"repeat","background-position":"center center","background-size":"auto","background-attachment":"scroll","background-type":"","background-media":"","overlay-type":"","overlay-color":"","overlay-gradient":""},"mobile":{"background-color":"var(--ast-global-color-5)","background-image":"","background-repeat":"repeat","background-position":"center center","background-size":"auto","background-attachment":"scroll","background-type":"","background-media":"","overlay-type":"","overlay-color":"","overlay-gradient":""}},"_joinchat":[],"footnotes":""},"class_list":["post-24637","page","type-page","status-publish","hentry"],"yoast_head":"<!-- This site is optimized with the Yoast SEO plugin v21.6 - https:\/\/yoast.com\/wordpress\/plugins\/seo\/ -->\n<title>Duyuru &amp; Etkinlik - Remzi \u015eEKERC\u0130<\/title>\n<meta name=\"robots\" content=\"index, follow, max-snippet:-1, max-image-preview:large, max-video-preview:-1\" \/>\n<link rel=\"canonical\" href=\"https:\/\/remzisekerci.com\/?page_id=24637\" \/>\n<meta property=\"og:locale\" content=\"tr_TR\" \/>\n<meta property=\"og:type\" content=\"article\" \/>\n<meta property=\"og:title\" content=\"Duyuru &amp; Etkinlik - Remzi \u015eEKERC\u0130\" \/>\n<meta property=\"og:description\" content=\"Fehime g\u00fcle\u00e7 ortaokulu yenilenme kapsam\u0131nda &hellip; Duyuru &#038; Etkinlik Read More \u00bb\" \/>\n<meta property=\"og:url\" content=\"https:\/\/remzisekerci.com\/?page_id=24637\" \/>\n<meta property=\"og:site_name\" content=\"Remzi \u015eEKERC\u0130\" \/>\n<meta property=\"article:modified_time\" content=\"2023-12-19T00:14:59+00:00\" \/>\n<meta property=\"og:image\" content=\"https:\/\/remzisekerci.com\/wp-content\/uploads\/2023\/12\/6-1.png\" \/>\n<meta name=\"twitter:card\" content=\"summary_large_image\" \/>\n<meta name=\"twitter:label1\" content=\"Tahmini okuma s\u00fcresi\" \/>\n\t<meta name=\"twitter:data1\" content=\"1 dakika\" \/>\n<script type=\"application\/ld+json\" class=\"yoast-schema-graph\">{\"@context\":\"https:\/\/schema.org\",\"@graph\":[{\"@type\":\"WebPage\",\"@id\":\"https:\/\/remzisekerci.com\/?page_id=24637\",\"url\":\"https:\/\/remzisekerci.com\/?page_id=24637\",\"name\":\"Duyuru & Etkinlik - Remzi \u015eEKERC\u0130\",\"isPartOf\":{\"@id\":\"https:\/\/remzisekerci.com\/#website\"},\"datePublished\":\"2023-10-26T08:11:44+00:00\",\"dateModified\":\"2023-12-19T00:14:59+00:00\",\"breadcrumb\":{\"@id\":\"https:\/\/remzisekerci.com\/?page_id=24637#breadcrumb\"},\"inLanguage\":\"tr\",\"potentialAction\":[{\"@type\":\"ReadAction\",\"target\":[\"https:\/\/remzisekerci.com\/?page_id=24637\"]}]},{\"@type\":\"BreadcrumbList\",\"@id\":\"https:\/\/remzisekerci.com\/?page_id=24637#breadcrumb\",\"itemListElement\":[{\"@type\":\"ListItem\",\"position\":1,\"name\":\"Anasayfa\",\"item\":\"https:\/\/remzisekerci.com\/\"},{\"@type\":\"ListItem\",\"position\":2,\"name\":\"Duyuru &#038; Etkinlik\"}]},{\"@type\":\"WebSite\",\"@id\":\"https:\/\/remzisekerci.com\/#website\",\"url\":\"https:\/\/remzisekerci.com\/\",\"name\":\"Remzi \u015eEKERC\u0130\",\"description\":\"\u015eimdi Akhisar \u0130\u00e7in...\",\"publisher\":{\"@id\":\"https:\/\/remzisekerci.com\/#organization\"},\"potentialAction\":[{\"@type\":\"SearchAction\",\"target\":{\"@type\":\"EntryPoint\",\"urlTemplate\":\"https:\/\/remzisekerci.com\/?s={search_term_string}\"},\"query-input\":\"required name=search_term_string\"}],\"inLanguage\":\"tr\"},{\"@type\":\"Organization\",\"@id\":\"https:\/\/remzisekerci.com\/#organization\",\"name\":\"Remzi \u015eEKERC\u0130\",\"url\":\"https:\/\/remzisekerci.com\/\",\"logo\":{\"@type\":\"ImageObject\",\"inLanguage\":\"tr\",\"@id\":\"https:\/\/remzisekerci.com\/#\/schema\/logo\/image\/\",\"url\":\"https:\/\/remzisekerci.com\/wp-content\/uploads\/2023\/12\/cropped-cropped-Basliksiz-9.png\",\"contentUrl\":\"https:\/\/remzisekerci.com\/wp-content\/uploads\/2023\/12\/cropped-cropped-Basliksiz-9.png\",\"width\":2050,\"height\":596,\"caption\":\"Remzi \u015eEKERC\u0130\"},\"image\":{\"@id\":\"https:\/\/remzisekerci.com\/#\/schema\/logo\/image\/\"}}]}<\/script>\n<!-- \/ Yoast SEO plugin. -->","yoast_head_json":{"title":"Duyuru & Etkinlik - Remzi \u015eEKERC\u0130","robots":{"index":"index","follow":"follow","max-snippet":"max-snippet:-1","max-image-preview":"max-image-preview:large","max-video-preview":"max-video-preview:-1"},"canonical":"https:\/\/remzisekerci.com\/?page_id=24637","og_locale":"tr_TR","og_type":"article","og_title":"Duyuru & Etkinlik - Remzi \u015eEKERC\u0130","og_description":"Fehime g\u00fcle\u00e7 ortaokulu yenilenme kapsam\u0131nda &hellip; Duyuru &#038; Etkinlik Read More \u00bb","og_url":"https:\/\/remzisekerci.com\/?page_id=24637","og_site_name":"Remzi \u015eEKERC\u0130","article_modified_time":"2023-12-19T00:14:59+00:00","og_image":[{"url":"https:\/\/remzisekerci.com\/wp-content\/uploads\/2023\/12\/6-1.png"}],"twitter_card":"summary_large_image","twitter_misc":{"Tahmini okuma s\u00fcresi":"1 dakika"},"schema":{"@context":"https:\/\/schema.org","@graph":[{"@type":"WebPage","@id":"https:\/\/remzisekerci.com\/?page_id=24637","url":"https:\/\/remzisekerci.com\/?page_id=24637","name":"Duyuru & Etkinlik - Remzi \u015eEKERC\u0130","isPartOf":{"@id":"https:\/\/remzisekerci.com\/#website"},"datePublished":"2023-10-26T08:11:44+00:00","dateModified":"2023-12-19T00:14:59+00:00","breadcrumb":{"@id":"https:\/\/remzisekerci.com\/?page_id=24637#breadcrumb"},"inLanguage":"tr","potentialAction":[{"@type":"ReadAction","target":["https:\/\/remzisekerci.com\/?page_id=24637"]}]},{"@type":"BreadcrumbList","@id":"https:\/\/remzisekerci.com\/?page_id=24637#breadcrumb","itemListElement":[{"@type":"ListItem","position":1,"name":"Anasayfa","item":"https:\/\/remzisekerci.com\/"},{"@type":"ListItem","position":2,"name":"Duyuru &#038; Etkinlik"}]},{"@type":"WebSite","@id":"https:\/\/remzisekerci.com\/#website","url":"https:\/\/remzisekerci.com\/","name":"Remzi \u015eEKERC\u0130","description":"\u015eimdi Akhisar \u0130\u00e7in...","publisher":{"@id":"https:\/\/remzisekerci.com\/#organization"},"potentialAction":[{"@type":"SearchAction","target":{"@type":"EntryPoint","urlTemplate":"https:\/\/remzisekerci.com\/?s={search_term_string}"},"query-input":"required name=search_term_string"}],"inLanguage":"tr"},{"@type":"Organization","@id":"https:\/\/remzisekerci.com\/#organization","name":"Remzi \u015eEKERC\u0130","url":"https:\/\/remzisekerci.com\/","logo":{"@type":"ImageObject","inLanguage":"tr","@id":"https:\/\/remzisekerci.com\/#\/schema\/logo\/image\/","url":"https:\/\/remzisekerci.com\/wp-content\/uploads\/2023\/12\/cropped-cropped-Basliksiz-9.png","contentUrl":"https:\/\/remzisekerci.com\/wp-content\/uploads\/2023\/12\/cropped-cropped-Basliksiz-9.png","width":2050,"height":596,"caption":"Remzi \u015eEKERC\u0130"},"image":{"@id":"https:\/\/remzisekerci.com\/#\/schema\/logo\/image\/"}}]}},"uagb_featured_image_src":{"full":false,"thumbnail":false,"medium":false,"medium_large":false,"large":false,"1536x1536":false,"2048x2048":false},"uagb_author_info":{"display_name":"Bora Y\u0131ld\u0131r\u0131m","author_link":"https:\/\/remzisekerci.com\/?author=2"},"uagb_comment_info":0,"uagb_excerpt":"Fehime g\u00fcle\u00e7 ortaokulu yenilenme kapsam\u0131nda &hellip; Duyuru &#038; Etkinlik Read More \u00bb","_links":{"self":[{"href":"https:\/\/remzisekerci.com\/index.php?rest_route=\/wp\/v2\/pages\/24637","targetHints":{"allow":["GET"]}}],"collection":[{"href":"https:\/\/remzisekerci.com\/index.php?rest_route=\/wp\/v2\/pages"}],"about":[{"href":"https:\/\/remzisekerci.com\/index.php?rest_route=\/wp\/v2\/types\/page"}],"author":[{"embeddable":true,"href":"https:\/\/remzisekerci.com\/index.php?rest_route=\/wp\/v2\/users\/2"}],"replies":[{"embeddable":true,"href":"https:\/\/remzisekerci.com\/index.php?rest_route=%2Fwp%2Fv2%2Fcomments&post=24637"}],"version-history":[{"count":10,"href":"https:\/\/remzisekerci.com\/index.php?rest_route=\/wp\/v2\/pages\/24637\/revisions"}],"predecessor-version":[{"id":25452,"href":"https:\/\/remzisekerci.com\/index.php?rest_route=\/wp\/v2\/pages\/24637\/revisions\/25452"}],"wp:attachment":[{"href":"https:\/\/remzisekerci.com\/index.php?rest_route=%2Fwp%2Fv2%2Fmedia&parent=24637"}],"curies":[{"name":"wp","href":"https:\/\/api.w.org\/{rel}","templated":true}]}}